{"id":143,"date":"2024-01-22T11:22:35","date_gmt":"2024-01-22T10:22:35","guid":{"rendered":"https:\/\/nedswerk.de\/?page_id=143"},"modified":"2025-12-08T11:12:04","modified_gmt":"2025-12-08T10:12:04","slug":"literatur","status":"publish","type":"page","link":"https:\/\/nedswerk.de\/en\/literatur\/","title":{"rendered":"Literature"},"content":{"rendered":"<div data-elementor-type=\"wp-page\" data-elementor-id=\"143\" class=\"elementor elementor-143\">\n\t\t\t\t<div class=\"elementor-element elementor-element-4ff89418 e-flex e-con-boxed e-con e-parent\" data-id=\"4ff89418\" data-element_type=\"container\" data-e-type=\"container\">\n\t\t\t\t\t<div class=\"e-con-inner\">\n\t\t\t\t<div class=\"elementor-element elementor-element-5e8bc7b2 elementor-widget elementor-widget-text-editor\" data-id=\"5e8bc7b2\" data-element_type=\"widget\" data-e-type=\"widget\" data-widget_type=\"text-editor.default\">\n\t\t\t\t<div class=\"elementor-widget-container\">\n\t\t\t\t\t\t\t\t\t\n<p>An dieser Stelle finden Sie <a href=\"https:\/\/nedswerk.de\/en\/aktuelle-beitraege\/\">recent contributions<\/a> aus dem Themenfeld der erwachsenenp\u00e4dagogischen Digitalisierungsforschung. Um diese \u00dcbersicht aktuell zu halten, sind wir auf Ihre Mithilfe angewiesen. Senden Sie uns gerne Hinweise zu relevanten Ver\u00f6ffentlichungen per Mail an <a href=\"mailto:sophie.lacher@rptu.de\">sophie.lacher@rptu.de<\/a> oder <a href=\"mailto:kim-maureen.martin@die-bonn.de\">kim-maureen.martin@die-bonn.de<\/a> \u2013 ganz gleich, ob es sich um Ihre eigenen oder die Publikationen anderer Autor:innen handelt. Herzlichen Dank!<\/p>\n<p>Hinweise auf \u00e4ltere Beitr\u00e4ge finden Sie in der<a href=\"https:\/\/nedswerk.de\/en\/literaturdatenbank\/\"> Zotero Literaturdatenbank<\/a>.<\/p>\n\t\t\t\t\t\t\t\t<\/div>\n\t\t\t\t<\/div>\n\t\t\t\t\t<\/div>\n\t\t\t\t<\/div>\n\t\t\t\t<\/div>","protected":false},"excerpt":{"rendered":"<p>An dieser Stelle finden Sie aktuelle Beitr\u00e4ge aus dem Themenfeld der erwachsenenp\u00e4dagogischen Digitalisierungsforschung. Um diese \u00dcbersicht aktuell zu halten, sind wir auf Ihre Mithilfe angewiesen. Senden Sie uns gerne Hinweise zu relevanten Ver\u00f6ffentlichungen per Mail an sophie.lacher@rptu.de oder kim-maureen.martin@die-bonn.de \u2013 ganz gleich, ob es sich um Ihre eigenen oder die Publikationen anderer Autor:innen handelt. Herzlichen &#8230; <a title=\"Literature\" class=\"read-more\" href=\"https:\/\/nedswerk.de\/en\/literatur\/\" aria-label=\"Read more about Literatur\">Read more<\/a><\/p>","protected":false},"author":1,"featured_media":0,"parent":0,"menu_order":0,"comment_status":"closed","ping_status":"closed","template":"","meta":{"_themeisle_gutenberg_block_has_review":false,"footnotes":""},"class_list":["post-143","page","type-page","status-publish"],"_links":{"self":[{"href":"https:\/\/nedswerk.de\/en\/wp-json\/wp\/v2\/pages\/143","targetHints":{"allow":["GET"]}}],"collection":[{"href":"https:\/\/nedswerk.de\/en\/wp-json\/wp\/v2\/pages"}],"about":[{"href":"https:\/\/nedswerk.de\/en\/wp-json\/wp\/v2\/types\/page"}],"author":[{"embeddable":true,"href":"https:\/\/nedswerk.de\/en\/wp-json\/wp\/v2\/users\/1"}],"replies":[{"embeddable":true,"href":"https:\/\/nedswerk.de\/en\/wp-json\/wp\/v2\/comments?post=143"}],"version-history":[{"count":23,"href":"https:\/\/nedswerk.de\/en\/wp-json\/wp\/v2\/pages\/143\/revisions"}],"predecessor-version":[{"id":1284,"href":"https:\/\/nedswerk.de\/en\/wp-json\/wp\/v2\/pages\/143\/revisions\/1284"}],"wp:attachment":[{"href":"https:\/\/nedswerk.de\/en\/wp-json\/wp\/v2\/media?parent=143"}],"curies":[{"name":"wp","href":"https:\/\/api.w.org\/{rel}","templated":true}]}}