{"id":19,"date":"2023-12-21T13:43:35","date_gmt":"2023-12-21T12:43:35","guid":{"rendered":"https:\/\/nedswerk.de\/?page_id=19"},"modified":"2025-12-07T12:43:30","modified_gmt":"2025-12-07T11:43:30","slug":"aktivitaeten","status":"publish","type":"page","link":"https:\/\/nedswerk.de\/en\/aktivitaeten\/","title":{"rendered":"Activities"},"content":{"rendered":"\t\t<div data-elementor-type=\"wp-page\" data-elementor-id=\"19\" class=\"elementor elementor-19\">\n\t\t\t\t<div class=\"elementor-element elementor-element-693cc3f e-flex e-con-boxed e-con e-parent\" data-id=\"693cc3f\" data-element_type=\"container\" data-e-type=\"container\">\n\t\t\t\t\t<div class=\"e-con-inner\">\n\t\t\t\t<div class=\"elementor-element elementor-element-8af2c14 elementor-widget elementor-widget-heading\" data-id=\"8af2c14\" data-element_type=\"widget\" data-e-type=\"widget\" data-widget_type=\"heading.default\">\n\t\t\t\t<div class=\"elementor-widget-container\">\n\t\t\t\t\t<h2 class=\"elementor-heading-title elementor-size-default\">\u00dcbersicht<\/h2>\t\t\t\t<\/div>\n\t\t\t\t<\/div>\n\t\t\t\t\t<\/div>\n\t\t\t\t<\/div>\n\t\t<div class=\"elementor-element elementor-element-2cffcff e-flex e-con-boxed e-con e-parent\" data-id=\"2cffcff\" data-element_type=\"container\" data-e-type=\"container\">\n\t\t\t\t\t<div class=\"e-con-inner\">\n\t\t\t\t<div class=\"elementor-element elementor-element-4de46e1 elementor-widget elementor-widget-text-editor\" data-id=\"4de46e1\" data-element_type=\"widget\" data-e-type=\"widget\" data-widget_type=\"text-editor.default\">\n\t\t\t\t<div class=\"elementor-widget-container\">\n\t\t\t\t\t\t\t\t\t<ul>\n<li>Online-Veranstaltungen zum wissenschaftlichen Austausch (z.B. NED Brown-Bag Vortragsreihe)<\/li>\n<li>Initiierung und Umsetzung gemeinsamer Publikationen\u00a0<\/li>\n<!-- \/wp:list-item --><!-- wp:list-item --><!-- \/wp:list-item --><!-- wp:list-item -->\n<li>Austausch von Ver\u00f6ffentlichungen (<a href=\"https:\/\/nedswerk.de\/literaturdatenbank\/\">gemeinsame Zotero-Datenbank<\/a>)<\/li>\n<!-- \/wp:list-item --><!-- wp:list-item -->\n<li>J\u00e4hrliche Netzwerktreffen auf der Jahrestagung der Sektion Erwachsenenbildung<\/li>\n<!-- \/wp:list-item --><!-- wp:list-item -->\n<li>Gegenseitige Beratung und Unterst\u00fctzung<\/li>\n<\/ul>\t\t\t\t\t\t\t\t<\/div>\n\t\t\t\t<\/div>\n\t\t\t\t\t<\/div>\n\t\t\t\t<\/div>\n\t\t<div class=\"elementor-element elementor-element-6c1da69 e-flex e-con-boxed e-con e-parent\" data-id=\"6c1da69\" data-element_type=\"container\" data-e-type=\"container\">\n\t\t\t\t\t<div class=\"e-con-inner\">\n\t\t\t\t<div class=\"elementor-element elementor-element-9c8b2af elementor-widget elementor-widget-heading\" data-id=\"9c8b2af\" data-element_type=\"widget\" data-e-type=\"widget\" data-widget_type=\"heading.default\">\n\t\t\t\t<div class=\"elementor-widget-container\">\n\t\t\t\t\t<h2 class=\"elementor-heading-title elementor-size-default\">Archiv der bisherigen Aktivit\u00e4ten<\/h2>\t\t\t\t<\/div>\n\t\t\t\t<\/div>\n\t\t\t\t\t<\/div>\n\t\t\t\t<\/div>\n\t\t<div class=\"elementor-element elementor-element-2cc6965 e-flex e-con-boxed e-con e-parent\" data-id=\"2cc6965\" data-element_type=\"container\" data-e-type=\"container\">\n\t\t\t\t\t<div class=\"e-con-inner\">\n\t\t\t\t<div class=\"elementor-element elementor-element-0ddd84e elementor-widget elementor-widget-ucaddon_list\" data-id=\"0ddd84e\" data-element_type=\"widget\" data-e-type=\"widget\" data-widget_type=\"ucaddon_list.default\">\n\t\t\t\t<div class=\"elementor-widget-container\">\n\t\t\t\t\t\n<!-- start List -->\n\t\t<link id='font-awesome-css' href='https:\/\/nedswerk.de\/wp-content\/plugins\/unlimited-elements-for-elementor\/assets_libraries\/font-awesome6\/fontawesome-all.min.css' type='text\/css' rel='stylesheet' >\n\t\t<link id='font-awesome-4-shim-css' href='https:\/\/nedswerk.de\/wp-content\/plugins\/unlimited-elements-for-elementor\/assets_libraries\/font-awesome6\/fontawesome-v4-shims.min.css' type='text\/css' rel='stylesheet' >\n\n<style>\/* widget: List *\/\n\n\n\n#uc_list_elementor_0ddd84e{\n  display:grid;\n  position:relative;\n}\n\n#uc_list_elementor_0ddd84e .ue-list-item\n{\n  display:flex;\n}\n\n#uc_list_elementor_0ddd84e .ue-list-item-title{\n  display:flex;\n  align-items: center;\n} \n\n#uc_list_elementor_0ddd84e .ue-list-item-image img\n{\n  max-width:100%;\n}\n#uc_list_elementor_0ddd84e .ue-list-item-text *{\n  margin-bottom:0px;\n  transition: inherit;\n}\n\n#uc_list_elementor_0ddd84e .ue-list-item-index\n{\n  flex-grow:0;\n  flex-shrink:0;\n  display:flex;\n  align-items:center;\n  justify-content:center;\n  line-height:1em;\n}\n\n#uc_list_elementor_0ddd84e .ue-list-item-index svg\n{\n  height:1em;\n  width:1em;\n}\n\n#uc_list_elementor_0ddd84e .ue-list-item-content\n{\n  flex-grow:1;\n}\n.ue_badge{\n  font-size:13px;\n}\n\n<\/style>\n\n<div id=\"uc_list_elementor_0ddd84e\" class=\"ue-list uc-items-wrapper  \"  >\n  <div class=\"ue-list-item elementor-repeater-item-fa46d84\">\n  <div class=\"ue-list-item-index\">\n                              <i class='fas fa-check'><\/i>\n                <\/div>\n  <div class=\"ue-list-item-content\">\n      <h4 class=\"ue-list-item-title\">[15.09.25] \n                  <\/h4>\n          <div class=\"ue-list-item-text\"><p>Treffen des Netzwerks auf der Jahrestagung der Sektion Erwachsenenbildung der Deutschen Gesellschaft f\u00fcr Erziehungswissenschaft an der Universit\u00e4t Koblenz<\/p><\/div>             <\/div>\n<\/div>\n<div class=\"ue-list-item elementor-repeater-item-32c948a\">\n  <div class=\"ue-list-item-index\">\n                              <i class='fas fa-check'><\/i>\n                <\/div>\n  <div class=\"ue-list-item-content\">\n      <h4 class=\"ue-list-item-title\">[25.09.24] \n                  <\/h4>\n          <div class=\"ue-list-item-text\"><p>Treffen des Netzwerks auf der Jahrestagung der Sektion Erwachsenenbildung der Deutschen Gesellschaft f\u00fcr Erziehungswissenschaft an der Universit\u00e4t Duisburg Essen<\/p><\/div>             <\/div>\n<\/div>\n<div class=\"ue-list-item elementor-repeater-item-dde9d60\">\n  <div class=\"ue-list-item-index\">\n                              <i class='fas fa-check'><\/i>\n                <\/div>\n  <div class=\"ue-list-item-content\">\n      <h4 class=\"ue-list-item-title\">[23.01.24] \n                  <\/h4>\n          <div class=\"ue-list-item-text\"><p>Pr\u00e4sentation von Qualifikations- und Forschungsarbeiten: Lisa Breitschwerdt zum Thema \"Anforderungen digitaler Transformation an Organisationen der Erwachsenenbildung\/Weiterbildung. Zur Gestaltung von Bildungsformaten im Spiegel ver\u00e4nderter Bedarfe\".<\/p><\/div>             <\/div>\n<\/div>\n<div class=\"ue-list-item elementor-repeater-item-7592afc\">\n  <div class=\"ue-list-item-index\">\n                              <i class='fas fa-check'><\/i>\n                <\/div>\n  <div class=\"ue-list-item-content\">\n      <h4 class=\"ue-list-item-title\">[11.09.23] \n                  <\/h4>\n          <div class=\"ue-list-item-text\"><p>Treffen des Netzwerks auf der Jahrestagung der Sektion Erwachsenenbildung der Deutschen Gesellschaft f\u00fcr Erziehungswissenschaft<\/p><\/div>             <\/div>\n<\/div>\n<div class=\"ue-list-item elementor-repeater-item-3091f2a\">\n  <div class=\"ue-list-item-index\">\n                              <i class='fas fa-check'><\/i>\n                <\/div>\n  <div class=\"ue-list-item-content\">\n      <h4 class=\"ue-list-item-title\">[01.06.23] \n                  <\/h4>\n          <div class=\"ue-list-item-text\"><p>Christian K\u00fchn zum Thema: \u201eWenn die eigene Disziplin zum Problem wird \u2013 Zur Konstitution einer erwachsenenp\u00e4dagogischen Digitalisierungsforschung im Spannungsfeld von Disziplinarit\u00e4t und Interdisziplinarit\u00e4t\u201c <a href=\"https:\/\/sowi.rptu.de\/fileadmin\/paed\/Dokumente\/Rohs\/Einladung_Vortragsreihe_Qualifikationsarbeiten_im_NEDswerk__10.03.23.pdf\">hier<\/a><\/p><\/div>             <\/div>\n<\/div>\n<div class=\"ue-list-item elementor-repeater-item-55ffb8a\">\n  <div class=\"ue-list-item-index\">\n                              <i class='fas fa-check'><\/i>\n                <\/div>\n  <div class=\"ue-list-item-content\">\n      <h4 class=\"ue-list-item-title\">[11.05.23]\u00a0 \n                  <\/h4>\n          <div class=\"ue-list-item-text\"><p>Pr\u00e4sentation von Dissertations- und Habilitationsprojekten: Denise Klinge zum Thema: \u201eAlgorithmische Wissenskonstruktionen und designte Vermittlungsweisen \u2013 P\u00e4dagogische Modi Operandi digitaler Technologien und ihre Bedeutung f\u00fcr die Erwachsenenbildung\u201c<\/p><\/div>             <\/div>\n<\/div>\n<div class=\"ue-list-item elementor-repeater-item-2318f7e\">\n  <div class=\"ue-list-item-index\">\n                              <i class='fas fa-check'><\/i>\n                <\/div>\n  <div class=\"ue-list-item-content\">\n      <h4 class=\"ue-list-item-title\">[23.03.23] \n                  <\/h4>\n          <div class=\"ue-list-item-text\"><p>Pr\u00e4sentation von Dissertations- und Habilitationsprojekten: Franziska Bellinger zum Thema \u201cGrundbildung Medien in der Erwachsenenbildung. Medienp\u00e4dagogische Professionalisierung als Teil erwachsenenp\u00e4dagogischer Professionalit\u00e4tsentwicklung im Hochschulstudium.\u201d<\/p><\/div>             <\/div>\n<\/div>\n<div class=\"ue-list-item elementor-repeater-item-b93bb11\">\n  <div class=\"ue-list-item-index\">\n                              <i class='fas fa-check'><\/i>\n                <\/div>\n  <div class=\"ue-list-item-content\">\n      <h4 class=\"ue-list-item-title\">[23.02.23] \n                  <\/h4>\n          <div class=\"ue-list-item-text\"><p>Pr\u00e4sentation von Dissertations- und Habilitationsprojekten: Lukas Dehmel zum Thema \u201cMedienp\u00e4dagogische Professionalisierung in der beruflichen Weiterbildung \u2013 eine Studie aus Perspektive der biografischen Medienforschung.\u201d<\/p><\/div>             <\/div>\n<\/div>\n<div class=\"ue-list-item elementor-repeater-item-05e49a8\">\n  <div class=\"ue-list-item-index\">\n                              <i class='fas fa-check'><\/i>\n                <\/div>\n  <div class=\"ue-list-item-content\">\n      <h4 class=\"ue-list-item-title\">[26.01.23] \n                  <\/h4>\n          <div class=\"ue-list-item-text\"><p>Pr\u00e4sentation von Dissertations- und Habilitationsprojekten: Jan Hellriegel zum Thema \u201cBildungsauftrag Medienkompetenz. Programmplanung an Volkshochschulen zwischen Anspruch und Wirklichkeit.\u201d<\/p><\/div>             <\/div>\n<\/div>\n<div class=\"ue-list-item elementor-repeater-item-0db618d\">\n  <div class=\"ue-list-item-index\">\n                              <i class='fas fa-check'><\/i>\n                <\/div>\n  <div class=\"ue-list-item-content\">\n      <h4 class=\"ue-list-item-title\">[14.09.22] \n                  <\/h4>\n          <div class=\"ue-list-item-text\"><p>Arbeitsgruppentreffen auf der Sektionstagung Erwachsenenbildung in Flensburg organisiert durch Franziska Bellinger (Universit\u00e4t Flensburg), Caroline Bonnes (Universit\u00e4t Konstanz) und Sophie Lacher (Technische Universtit\u00e4t Kaiserslautern)<\/p><\/div>             <\/div>\n<\/div>\n<div class=\"ue-list-item elementor-repeater-item-6aa0c32\">\n  <div class=\"ue-list-item-index\">\n                              <i class='fas fa-check'><\/i>\n                <\/div>\n  <div class=\"ue-list-item-content\">\n      <h4 class=\"ue-list-item-title\">[14.09.22] \n                  <\/h4>\n          <div class=\"ue-list-item-text\"><p>Arbeitsgruppentreffen auf der Sektionstagung Erwachsenenbildung in Flensburg organisiert durch Franziska Bellinger (Universit\u00e4t Flensburg), Caroline Bonnes (Universit\u00e4t Konstanz) und Sophie Lacher (Technische Universtit\u00e4t Kaiserslautern)<\/p><\/div>             <\/div>\n<\/div>\n<div class=\"ue-list-item elementor-repeater-item-bedec28\">\n  <div class=\"ue-list-item-index\">\n                              <i class='fas fa-check'><\/i>\n                <\/div>\n  <div class=\"ue-list-item-content\">\n      <h4 class=\"ue-list-item-title\">[20.01.22] \n                  <\/h4>\n          <div class=\"ue-list-item-text\"><p>Austausch zur Nationalen Bildungsplattform mit Stephan Pfisterer aus der Projektgruppe \u201eDigitaler Bildungsraum\u201c des BMBF mit \u00fcber 100 Teilnehmenden<\/p><\/div>             <\/div>\n<\/div>\n<div class=\"ue-list-item elementor-repeater-item-441ebc2\">\n  <div class=\"ue-list-item-index\">\n                              <i class='fas fa-check'><\/i>\n                <\/div>\n  <div class=\"ue-list-item-content\">\n      <h4 class=\"ue-list-item-title\">[27.10.21] \n                  <\/h4>\n          <div class=\"ue-list-item-text\"><p>Informeller Austausch \u201eMedialer Geschmack\/Digital Taste als Voraussetzung f\u00fcr die<br \/>Medienkompetenzf\u00f6rderung in der Erwachsenenbildung\u201c (Ricarda Bolten-B\u00fchler &amp; Ilka Koppel)<\/p><\/div>             <\/div>\n<\/div>\n<div class=\"ue-list-item elementor-repeater-item-c1f9f3c\">\n  <div class=\"ue-list-item-index\">\n                              <i class='fas fa-check'><\/i>\n                <\/div>\n  <div class=\"ue-list-item-content\">\n      <h4 class=\"ue-list-item-title\">[15.10.21] \n                  <\/h4>\n          <div class=\"ue-list-item-text\"><p>Einf\u00fchrung eines monatlichen Newsletters \u00fcber den Mailverteiler (<a href=\"https:\/\/sowi.rptu.de\/fgs\/paedagogik\/team\/lachersophie\">Sophie Lacher<\/a>)<\/p><\/div>             <\/div>\n<\/div>\n<div class=\"ue-list-item elementor-repeater-item-7435c90\">\n  <div class=\"ue-list-item-index\">\n                              <i class='fas fa-check'><\/i>\n                <\/div>\n  <div class=\"ue-list-item-content\">\n      <h4 class=\"ue-list-item-title\">[15.09.21] \n                  <\/h4>\n          <div class=\"ue-list-item-text\"><p>Informelle Arbeitsgruppe auf der Online-Sektionstagung Erwachsenenbildung. N\u00e4here Informationen\u00a0 <a href=\"https:\/\/www.hsu-hh.de\/wb\/eb2021\" target=\"_blank\" rel=\"noreferrer noopener\">hier<\/a><\/p><\/div>             <\/div>\n<\/div>\n<div class=\"ue-list-item elementor-repeater-item-eaaba31\">\n  <div class=\"ue-list-item-index\">\n                              <i class='fas fa-check'><\/i>\n                <\/div>\n  <div class=\"ue-list-item-content\">\n      <h4 class=\"ue-list-item-title\">[23.06.21] \n                  <\/h4>\n          <div class=\"ue-list-item-text\"><p>Ver\u00f6ffentlichung eines Sammelbandes (Open Access) zur \u201eErwachsenenp\u00e4dagogischen Digitalisierungsforschung\u201c bei <a href=\"https:\/\/www.wbv.de\/shop\/geistes-und-sozialwissenschaften\/erwachsenenbildung\/shop\/detail\/name\/_\/0\/1\/6004789\/facet\/6004789\/\/\/\/\/\/\/nb\/0\/category\/1738.html\" target=\"_blank\" rel=\"noreferrer noopener\">wbv<\/a><\/p>\n<p>Rezensionen von Jochen Robes (<em><a href=\"https:\/\/erwachsenenbildung.at\/magazin\/22-44u45\/27_robes.pdf\" target=\"_blank\" rel=\"noreferrer noopener\">erwachsenenbildung.at<\/a><\/em>) sowie Stephanie Freide in <em>weiterbildung<\/em> 3\/2021<\/p><\/div>             <\/div>\n<\/div>\n<div class=\"ue-list-item elementor-repeater-item-7b8f0a2\">\n  <div class=\"ue-list-item-index\">\n                              <i class='fas fa-check'><\/i>\n                <\/div>\n  <div class=\"ue-list-item-content\">\n      <h4 class=\"ue-list-item-title\">[18.09.20] \n                  <\/h4>\n          <div class=\"ue-list-item-text\"><p>Online-Meeting im Rahmen der Jahrestagung der Sektion Erwachsenenbildung der DGfE.<\/p><\/div>             <\/div>\n<\/div>\n<div class=\"ue-list-item elementor-repeater-item-d96c514\">\n  <div class=\"ue-list-item-index\">\n                              <i class='fas fa-check'><\/i>\n                <\/div>\n  <div class=\"ue-list-item-content\">\n      <h4 class=\"ue-list-item-title\">[16.03.20] \n                  <\/h4>\n          <div class=\"ue-list-item-text\"><p>Online-Meeting des Netzwerks.<\/p><\/div>             <\/div>\n<\/div>\n<div class=\"ue-list-item elementor-repeater-item-5262bab\">\n  <div class=\"ue-list-item-index\">\n                              <i class='fas fa-check'><\/i>\n                <\/div>\n  <div class=\"ue-list-item-content\">\n      <h4 class=\"ue-list-item-title\">[01.03.20] \n                  <\/h4>\n          <div class=\"ue-list-item-text\"><p>Aus dem Netzwerk heraus erscheint 2021 ein Sammelband zum Themenfeld Erwachsenenp\u00e4dagogischer Digitalisierungsforschung. Der Call ist hier zu finden: <a href=\"https:\/\/sowi.rptu.de\/fileadmin\/paed\/Dokumente\/Rohs\/CfP_Digitalisierungsforschung.pdf\">https:\/\/www.sowi.uni-kl.de\/fileadmin\/paed\/Dokumente\/Rohs\/CfP_Digitalisierungsforschung.pdf<\/a><\/p><\/div>             <\/div>\n<\/div>\n<div class=\"ue-list-item elementor-repeater-item-8de6b73\">\n  <div class=\"ue-list-item-index\">\n                              <i class='fas fa-check'><\/i>\n                <\/div>\n  <div class=\"ue-list-item-content\">\n      <h4 class=\"ue-list-item-title\">[25.09.19] \n                  <\/h4>\n          <div class=\"ue-list-item-text\"><p>Konstituierendes Treffen des Netzwerks auf der Jahrestagung der Sektion Erwachsenenbildung der DGfE in Halle (Saale).<\/p><\/div>             <\/div>\n<\/div>\n\n<\/div>\n<!-- end List -->\t\t\t\t<\/div>\n\t\t\t\t<\/div>\n\t\t\t\t\t<\/div>\n\t\t\t\t<\/div>\n\t\t\t\t<\/div>\n\t\t","protected":false},"excerpt":{"rendered":"<p>\u00dcbersicht Online-Veranstaltungen zum wissenschaftlichen Austausch (z.B. NED Brown-Bag Vortragsreihe) Initiierung und Umsetzung gemeinsamer Publikationen\u00a0 Austausch von Ver\u00f6ffentlichungen (gemeinsame Zotero-Datenbank) J\u00e4hrliche Netzwerktreffen auf der Jahrestagung der Sektion Erwachsenenbildung Gegenseitige Beratung und Unterst\u00fctzung Archiv der bisherigen Aktivit\u00e4ten [15.09.25] Treffen des Netzwerks auf der Jahrestagung der Sektion Erwachsenenbildung der Deutschen Gesellschaft f\u00fcr Erziehungswissenschaft an der Universit\u00e4t Koblenz [25.09.24] &#8230; <a title=\"Aktivit\u00e4ten\" class=\"read-more\" href=\"https:\/\/nedswerk.de\/en\/aktivitaeten\/\" aria-label=\"Read more about Aktivit\u00e4ten\">Read more<\/a><\/p>\n","protected":false},"author":1,"featured_media":0,"parent":0,"menu_order":0,"comment_status":"closed","ping_status":"closed","template":"","meta":{"_themeisle_gutenberg_block_has_review":false,"footnotes":""},"class_list":["post-19","page","type-page","status-publish"],"_links":{"self":[{"href":"https:\/\/nedswerk.de\/en\/wp-json\/wp\/v2\/pages\/19","targetHints":{"allow":["GET"]}}],"collection":[{"href":"https:\/\/nedswerk.de\/en\/wp-json\/wp\/v2\/pages"}],"about":[{"href":"https:\/\/nedswerk.de\/en\/wp-json\/wp\/v2\/types\/page"}],"author":[{"embeddable":true,"href":"https:\/\/nedswerk.de\/en\/wp-json\/wp\/v2\/users\/1"}],"replies":[{"embeddable":true,"href":"https:\/\/nedswerk.de\/en\/wp-json\/wp\/v2\/comments?post=19"}],"version-history":[{"count":76,"href":"https:\/\/nedswerk.de\/en\/wp-json\/wp\/v2\/pages\/19\/revisions"}],"predecessor-version":[{"id":1234,"href":"https:\/\/nedswerk.de\/en\/wp-json\/wp\/v2\/pages\/19\/revisions\/1234"}],"wp:attachment":[{"href":"https:\/\/nedswerk.de\/en\/wp-json\/wp\/v2\/media?parent=19"}],"curies":[{"name":"wp","href":"https:\/\/api.w.org\/{rel}","templated":true}]}}