{"id":973,"date":"2024-10-23T14:30:03","date_gmt":"2024-10-23T12:30:03","guid":{"rendered":"https:\/\/nedswerk.de\/?page_id=973"},"modified":"2025-12-07T13:05:05","modified_gmt":"2025-12-07T12:05:05","slug":"neuigkeiten-aus-dem-nedswerk","status":"publish","type":"page","link":"https:\/\/nedswerk.de\/en\/neuigkeiten-aus-dem-nedswerk\/","title":{"rendered":"NEDswerk-Neuigkeiten"},"content":{"rendered":"<p>An dieser Stelle ver\u00f6ffentlichen wir aktuelle Hinweise zu Veranstaltungen und Calls for Papers.<\/p>\n\n\n\n<div class=\"wp-block-columns is-layout-flex wp-container-core-columns-is-layout-9d6595d7 wp-block-columns-is-layout-flex\">\n<div class=\"wp-block-column is-layout-flow wp-block-column-is-layout-flow\" style=\"flex-basis:100%\">\n<div class=\"wp-block-group is-vertical is-layout-flex wp-container-core-group-is-layout-8cf370e7 wp-block-group-is-layout-flex\"><div class=\"is-style-boxed wp-block-themeisle-blocks-posts-grid\" id=\"wp-block-themeisle-blocks-posts-grid-40d8fd86\"><div class=\"is-grid o-posts-grid-columns-3\"><div class=\"o-posts-grid-post-blog o-posts-grid-post-plain\"><div class=\"o-posts-grid-post\"><div class=\"o-posts-grid-post-body is-full\"><span class=\"o-posts-grid-post-category\"><a href=\"https:\/\/nedswerk.de\/en\/category\/allgemein\/\">Allgemein<\/a><\/span><h4 class=\"o-posts-grid-post-title\"><a href=\"https:\/\/nedswerk.de\/en\/2025\/12\/07\/nedswerktreffen-im-rahmen-der-sektionstagung-2026-9-11-9-26-an-der-ph-zuerich\/\">NEDswerktreffen im Rahmen der Sektionstagung 2026 (9.-11.9.26) an der PH Z\u00fcrich<\/a><\/h4><p class=\"o-posts-grid-post-meta\">Posted on <time datetime=\"2025-12-07T13:07:58+01:00\">7. December 2025<\/time> by <a href=\"https:\/\/nedswerk.de\/en\/author\/klaus-buddeberg\/\">Klaus Buddeberg<\/a><\/p><div class=\"o-posts-grid-post-description\"><p>Auch im Rahmen der n\u00e4chsten Jahrestagung der Sektion Erwachsenenbildung der DGfE wird ein Treffen de\u2026<\/p><\/div><\/div><\/div><\/div><div class=\"o-posts-grid-post-blog o-posts-grid-post-plain\"><div class=\"o-posts-grid-post\"><div class=\"o-posts-grid-post-body is-full\"><span class=\"o-posts-grid-post-category\"><a href=\"https:\/\/nedswerk.de\/en\/category\/veranstaltungen\/\">Events<\/a><\/span><h4 class=\"o-posts-grid-post-title\"><a href=\"https:\/\/nedswerk.de\/en\/2025\/09\/01\/expertinnenaustausch-zum-thema-disputation\/\">Expert*innenaustausch zum Thema Disputation<\/a><\/h4><p class=\"o-posts-grid-post-meta\">Posted on <time datetime=\"2025-09-01T09:54:37+02:00\">1. September 2025<\/time> by <a href=\"https:\/\/nedswerk.de\/en\/author\/klaus-buddeberg\/\">Klaus Buddeberg<\/a><\/p><div class=\"o-posts-grid-post-description\"><p>Am Dienstag, den 02.12.2025, findet von 18.00 bis 19.00 Uhr im Rahmen des informellen Promovierenden\u2026<\/p><\/div><\/div><\/div><\/div><div class=\"o-posts-grid-post-blog o-posts-grid-post-plain\"><div class=\"o-posts-grid-post\"><div class=\"o-posts-grid-post-body is-full\"><span class=\"o-posts-grid-post-category\"><a href=\"https:\/\/nedswerk.de\/en\/category\/call-for-papers\/\">Call for Papers<\/a><\/span><h4 class=\"o-posts-grid-post-title\"><a href=\"https:\/\/nedswerk.de\/en\/2025\/03\/19\/zeitschrift-fuer-bildungsforschungcall-for-papers-medienpaedagogische-professionalisierung-und-professionalitaet-diskursentwicklun-gen-und-aktuelle-forschungsperspektiven\/\">Zeitschrift f\u00fcr Bildungsforschung: Medienp\u00e4dagogische Professionalisierung und Professionalit\u00e4t. Diskursentwicklungen und aktuelle Forschungsperspektiven<\/a><\/h4><p class=\"o-posts-grid-post-meta\">Posted on <time datetime=\"2025-03-19T13:57:57+01:00\">19. March 2025<\/time> by <a href=\"https:\/\/nedswerk.de\/en\/author\/klaus-buddeberg\/\">Klaus Buddeberg<\/a><\/p><div class=\"o-posts-grid-post-description\"><p>Gastherausgeber*innen: Dr. Andreas Dertinger (Friedrich-Alexander-Universit\u00e4t Erlangen-N\u00fcrnberg), Dr\u2026<\/p><\/div><\/div><\/div><\/div><div class=\"o-posts-grid-post-blog o-posts-grid-post-plain\"><div class=\"o-posts-grid-post\"><div class=\"o-posts-grid-post-body is-full\"><span class=\"o-posts-grid-post-category\"><a href=\"https:\/\/nedswerk.de\/en\/category\/veranstaltungen\/\">Events<\/a><\/span><h4 class=\"o-posts-grid-post-title\"><a href=\"https:\/\/nedswerk.de\/en\/2025\/02\/27\/1043\/\">Fr\u00fchjahrstagung 2025 #mpaed2025f \u2013 Anmeldung ge\u00f6ffnet!<\/a><\/h4><p class=\"o-posts-grid-post-meta\">Posted on <time datetime=\"2025-02-27T08:55:36+01:00\">27. February 2025<\/time> by <a href=\"https:\/\/nedswerk.de\/en\/author\/klaus-buddeberg\/\">Klaus Buddeberg<\/a><\/p><div class=\"o-posts-grid-post-description\"><p>Die Anmeldung zur diesj\u00e4hrigen Fr\u00fchjahrstagung in Rostock ist ab sofort ge\u00f6ffnet. Unter dem Titel \u201eD\u2026<\/p><\/div><\/div><\/div><\/div><div class=\"o-posts-grid-post-blog o-posts-grid-post-plain\"><div class=\"o-posts-grid-post\"><div class=\"o-posts-grid-post-body is-full\"><span class=\"o-posts-grid-post-category\"><a href=\"https:\/\/nedswerk.de\/en\/category\/call-for-papers\/\">Call for Papers<\/a><\/span><h4 class=\"o-posts-grid-post-title\"><a href=\"https:\/\/nedswerk.de\/en\/2024\/11\/11\/call-for-contributions-adult-education-research-on-digitalisation-concepts-scopes-understandings\/\">Call for Contributions: Adult education research on digitalisation: Concepts \u2013 Scopes \u2013 Understandings<\/a><\/h4><p class=\"o-posts-grid-post-meta\">Posted on <time datetime=\"2024-11-11T10:43:54+01:00\">11. November 2024<\/time> by <a href=\"https:\/\/nedswerk.de\/en\/author\/klaus-buddeberg\/\">Klaus Buddeberg<\/a><\/p><div class=\"o-posts-grid-post-description\"><p>The network \u201eAdult Education Digitalisation Research\u201c (NED) was founded in 2019 and has since grown \u2026<\/p><\/div><\/div><\/div><\/div><div class=\"o-posts-grid-post-blog o-posts-grid-post-plain\"><div class=\"o-posts-grid-post\"><div class=\"o-posts-grid-post-body is-full\"><span class=\"o-posts-grid-post-category\"><a href=\"https:\/\/nedswerk.de\/en\/category\/call-for-papers\/\">Call for Papers<\/a><\/span><h4 class=\"o-posts-grid-post-title\"><a href=\"https:\/\/nedswerk.de\/en\/2024\/11\/11\/1024\/\">Call for Papers: mpaed2025 Fr\u00fchjahrstagung Medienp\u00e4dagogik 2025<\/a><\/h4><p class=\"o-posts-grid-post-meta\">Posted on <time datetime=\"2024-11-11T08:52:11+01:00\">11. November 2024<\/time> by <a href=\"https:\/\/nedswerk.de\/en\/author\/klaus-buddeberg\/\">Klaus Buddeberg<\/a><\/p><div class=\"o-posts-grid-post-description\"><p>19. und 20. M\u00e4rz 2025: Die Fr\u00fchjahrstagung 2025 der Sektion Medienp\u00e4dagogik der Deutschen Gesellscha\u2026<\/p><\/div><\/div><\/div><\/div><\/div> <\/div><\/div>\n<\/div>\n<\/div>\n\n\n<ul class=\"wp-block-archives-list wp-block-archives\">\t<li><a href='https:\/\/nedswerk.de\/en\/2025\/12\/'>December 2025<\/a><\/li>\n\t<li><a href='https:\/\/nedswerk.de\/en\/2025\/09\/'>September 2025<\/a><\/li>\n\t<li><a href='https:\/\/nedswerk.de\/en\/2025\/03\/'>March 2025<\/a><\/li>\n\t<li><a href='https:\/\/nedswerk.de\/en\/2025\/02\/'>February 2025<\/a><\/li>\n\t<li><a href='https:\/\/nedswerk.de\/en\/2024\/11\/'>November 2024<\/a><\/li>\n\t<li><a href='https:\/\/nedswerk.de\/en\/2024\/10\/'>October 2024<\/a><\/li>\n<\/ul>","protected":false},"excerpt":{"rendered":"<p>An dieser Stelle ver\u00f6ffentlichen wir aktuelle Hinweise zu Veranstaltungen und Calls for Papers.<\/p>","protected":false},"author":1,"featured_media":0,"parent":0,"menu_order":0,"comment_status":"closed","ping_status":"closed","template":"","meta":{"_themeisle_gutenberg_block_has_review":false,"footnotes":""},"class_list":["post-973","page","type-page","status-publish"],"_links":{"self":[{"href":"https:\/\/nedswerk.de\/en\/wp-json\/wp\/v2\/pages\/973","targetHints":{"allow":["GET"]}}],"collection":[{"href":"https:\/\/nedswerk.de\/en\/wp-json\/wp\/v2\/pages"}],"about":[{"href":"https:\/\/nedswerk.de\/en\/wp-json\/wp\/v2\/types\/page"}],"author":[{"embeddable":true,"href":"https:\/\/nedswerk.de\/en\/wp-json\/wp\/v2\/users\/1"}],"replies":[{"embeddable":true,"href":"https:\/\/nedswerk.de\/en\/wp-json\/wp\/v2\/comments?post=973"}],"version-history":[{"count":10,"href":"https:\/\/nedswerk.de\/en\/wp-json\/wp\/v2\/pages\/973\/revisions"}],"predecessor-version":[{"id":1273,"href":"https:\/\/nedswerk.de\/en\/wp-json\/wp\/v2\/pages\/973\/revisions\/1273"}],"wp:attachment":[{"href":"https:\/\/nedswerk.de\/en\/wp-json\/wp\/v2\/media?parent=973"}],"curies":[{"name":"wp","href":"https:\/\/api.w.org\/{rel}","templated":true}]}}